{"id":13,"date":"2025-09-11T14:02:23","date_gmt":"2025-09-11T14:02:23","guid":{"rendered":"https:\/\/preparationmentalebyml.fr\/?page_id=13"},"modified":"2025-11-24T15:17:00","modified_gmt":"2025-11-24T15:17:00","slug":"about","status":"publish","type":"page","link":"https:\/\/preparationmentalebyml.fr\/index.php\/about\/","title":{"rendered":"A propos"},"content":{"rendered":"\n<p><strong>Qui suis-je<\/strong><\/p>\n\n\n\n<p>Je suis M\u00e9lodie Loudoux, cavali\u00e8re et professionnelle du milieu \u00e9questre. Adolescente, je participais r\u00e9guli\u00e8rement \u00e0 des concours, les r\u00e9sultats \u00e9taient fluctuants malgr\u00e9 une rigueur assidue \u00e0 l&rsquo;entrainement. Au fil des ann\u00e9es, j&rsquo;ai compris que la pr\u00e9paration technique ne suffit pas \u00e0 elle seule pour atteindre la victoire: le mental joue \u00e9galement un r\u00f4le essentiel.<\/p>\n\n\n\n<p>Apr\u00e8s deux ann\u00e9es en licence de psychologie, j&rsquo;ai choisi d&rsquo;orienter mon parcourt vers le domaine sportif, avec un int\u00e9r\u00eat particulier pour le bien-\u00eatre et l&rsquo;optimisation de la performance. Dans cette dynamique, je me suis sp\u00e9cialis\u00e9e en pr\u00e9paration mentale bas\u00e9e sur les neurosciences, afin de pouvoir vous accompagner de mani\u00e8re cibl\u00e9e et vous aider \u00e0 mobiliser pleinement votre potentiel.<\/p>\n\n\n\n<div class=\"wp-block-media-text is-stacked-on-mobile\"><figure class=\"wp-block-media-text__media\"><img fetchpriority=\"high\" decoding=\"async\" width=\"640\" height=\"494\" src=\"https:\/\/preparationmentalebyml.fr\/wp-content\/uploads\/2025\/09\/Melodie-LOUDOUX-Optimiser-la-preparation-mentale-des-sportifs-en-favorisant-leur-integrite-et-leur-bien-etre.png\" alt=\"\" class=\"wp-image-19 size-full\" srcset=\"https:\/\/preparationmentalebyml.fr\/wp-content\/uploads\/2025\/09\/Melodie-LOUDOUX-Optimiser-la-preparation-mentale-des-sportifs-en-favorisant-leur-integrite-et-leur-bien-etre.png 640w, https:\/\/preparationmentalebyml.fr\/wp-content\/uploads\/2025\/09\/Melodie-LOUDOUX-Optimiser-la-preparation-mentale-des-sportifs-en-favorisant-leur-integrite-et-leur-bien-etre-300x232.png 300w\" sizes=\"(max-width: 640px) 100vw, 640px\" \/><\/figure><div class=\"wp-block-media-text__content\">\n<p><\/p>\n<\/div><\/div>\n\n\n\n<p><strong>Ma fa\u00e7on de travailler<\/strong><\/p>\n\n\n\n<p>Je propose un accompagnement personnalis\u00e9, bas\u00e9 sur l&rsquo;\u00e9coute, la bienveillance et l&rsquo;exigence. Chaque s\u00e9ance est adapt\u00e9e aux besoins sp\u00e9cifiques du sportif (confiance, gestion du stress, concentration, motivation&#8230;) et s&rsquo;appuie sur des outils concrets, directement transf\u00e9rables \u00e0 l&rsquo;entrainement comme en comp\u00e9tition. Mon objectif est de vous guider vers  l&rsquo;autonomie mentale et vous aider \u00e0 mobiliser pleinement votre potentiel.<\/p>\n\n\n\n<p><strong>Mon Offre<\/strong><\/p>\n\n\n\n<p>Je vous propose plusieurs types d&rsquo;accompagnement en fonction de vos besoins et des difficult\u00e9s que vous rencontrez :<\/p>\n\n\n\n<ul class=\"wp-block-list\">\n<li>Perte de motivation<\/li>\n\n\n\n<li>Difficult\u00e9s \u00e0 performer en comp\u00e9tition<\/li>\n\n\n\n<li>Blocages<\/li>\n\n\n\n<li>Perte de confiance en ses capacit\u00e9s<\/li>\n\n\n\n<li>Gestion des \u00e9motions<\/li>\n\n\n\n<li>Difficult\u00e9s de concentration<\/li>\n\n\n\n<li>Difficult\u00e9 \u00e0 progresser de fa\u00e7on stable<\/li>\n<\/ul>\n\n\n\n<p class=\"has-text-align-center has-luminous-vivid-orange-color has-text-color has-link-color has-large-font-size wp-elements-b9042c41eb4605f988a9a37d11927058\"><strong><a href=\"https:\/\/preparationmentalebyml.fr\/index.php\/contact\/\" data-type=\"page\" data-id=\"14\">Devis<\/a><\/strong><\/p>\n\n\n\n<p><\/p>\n","protected":false},"excerpt":{"rendered":"<p>Qui suis-je Je suis M\u00e9lodie Loudoux, cavali\u00e8re et professionnelle du milieu \u00e9questre. Adolescente, je participais r\u00e9guli\u00e8rement \u00e0 des concours, les r\u00e9sultats \u00e9taient fluctuants malgr\u00e9 une rigueur assidue \u00e0 l&rsquo;entrainement. Au fil des ann\u00e9es, j&rsquo;ai compris que la pr\u00e9paration technique ne suffit pas \u00e0 elle seule pour atteindre la victoire: le mental joue \u00e9galement un r\u00f4le &hellip; <\/p>\n<p class=\"link-more\"><a href=\"https:\/\/preparationmentalebyml.fr\/index.php\/about\/\" class=\"more-link\">Continuer la lecture<span class=\"screen-reader-text\"> de &laquo;&nbsp;A propos&nbsp;&raquo;<\/span><\/a><\/p>\n","protected":false},"author":1,"featured_media":22,"parent":0,"menu_order":0,"comment_status":"closed","ping_status":"closed","template":"","meta":{"footnotes":""},"class_list":["post-13","page","type-page","status-publish","has-post-thumbnail","hentry"],"_links":{"self":[{"href":"https:\/\/preparationmentalebyml.fr\/index.php\/wp-json\/wp\/v2\/pages\/13","targetHints":{"allow":["GET"]}}],"collection":[{"href":"https:\/\/preparationmentalebyml.fr\/index.php\/wp-json\/wp\/v2\/pages"}],"about":[{"href":"https:\/\/preparationmentalebyml.fr\/index.php\/wp-json\/wp\/v2\/types\/page"}],"author":[{"embeddable":true,"href":"https:\/\/preparationmentalebyml.fr\/index.php\/wp-json\/wp\/v2\/users\/1"}],"replies":[{"embeddable":true,"href":"https:\/\/preparationmentalebyml.fr\/index.php\/wp-json\/wp\/v2\/comments?post=13"}],"version-history":[{"count":14,"href":"https:\/\/preparationmentalebyml.fr\/index.php\/wp-json\/wp\/v2\/pages\/13\/revisions"}],"predecessor-version":[{"id":190,"href":"https:\/\/preparationmentalebyml.fr\/index.php\/wp-json\/wp\/v2\/pages\/13\/revisions\/190"}],"wp:featuredmedia":[{"embeddable":true,"href":"https:\/\/preparationmentalebyml.fr\/index.php\/wp-json\/wp\/v2\/media\/22"}],"wp:attachment":[{"href":"https:\/\/preparationmentalebyml.fr\/index.php\/wp-json\/wp\/v2\/media?parent=13"}],"curies":[{"name":"wp","href":"https:\/\/api.w.org\/{rel}","templated":true}]}}